{"id":71,"date":"2023-06-13T15:43:41","date_gmt":"2023-06-13T18:43:41","guid":{"rendered":"https:\/\/pgrengenharia.com.br\/?page_id=71"},"modified":"2023-06-13T20:58:30","modified_gmt":"2023-06-13T23:58:30","slug":"home","status":"publish","type":"page","link":"https:\/\/pgrengenharia.com.br\/?page_id=71","title":{"rendered":"Home"},"content":{"rendered":"\t\t<div data-elementor-type=\"wp-page\" data-elementor-id=\"71\" class=\"elementor elementor-71\">\n\t\t\t\t<div class=\"elementor-element elementor-element-b839084 e-flex e-con-boxed e-con e-parent\" data-id=\"b839084\" data-element_type=\"container\">\n\t\t\t\t\t<div class=\"e-con-inner\">\n\t\t<div class=\"elementor-element elementor-element-1008244 e-con-full e-flex e-con e-parent\" data-id=\"1008244\" data-element_type=\"container\">\n\t\t\t\t<div class=\"elementor-element elementor-element-5c7e615 elementor-widget__width-initial elementor-widget elementor-widget-image\" data-id=\"5c7e615\" data-element_type=\"widget\" data-widget_type=\"image.default\">\n\t\t\t\t<div class=\"elementor-widget-container\">\n\t\t\t\t\t\t\t\t\t\t<figure class=\"wp-caption\">\n\t\t\t\t\t\t\t\t\t\t\t<a href=\"https:\/\/pgrfire.com.br\/\">\n\t\t\t\t\t\t\t<img fetchpriority=\"high\" decoding=\"async\" width=\"724\" height=\"1024\" src=\"https:\/\/pgrengenharia.com.br\/wp-content\/uploads\/2023\/06\/LOGO_VETOR_01_COM_NOME-724x1024.png\" class=\"attachment-large size-large wp-image-100\" alt=\"\" srcset=\"https:\/\/pgrengenharia.com.br\/wp-content\/uploads\/2023\/06\/LOGO_VETOR_01_COM_NOME-724x1024.png 724w, https:\/\/pgrengenharia.com.br\/wp-content\/uploads\/2023\/06\/LOGO_VETOR_01_COM_NOME-212x300.png 212w, https:\/\/pgrengenharia.com.br\/wp-content\/uploads\/2023\/06\/LOGO_VETOR_01_COM_NOME-768x1086.png 768w, https:\/\/pgrengenharia.com.br\/wp-content\/uploads\/2023\/06\/LOGO_VETOR_01_COM_NOME.png 794w\" sizes=\"(max-width: 724px) 100vw, 724px\" \/>\t\t\t\t\t\t\t\t<\/a>\n\t\t\t\t\t\t\t\t\t\t\t<figcaption class=\"widget-image-caption wp-caption-text\">----Solu\u00e7\u00f5es contra inc\u00eandio ----   Conhe\u00e7a nossos servi\u00e7os nesta \u00e1rea<\/figcaption>\n\t\t\t\t\t\t\t\t\t\t<\/figure>\n\t\t\t\t\t\t\t<\/div>\n\t\t\t\t<\/div>\n\t\t\t\t<\/div>\n\t\t<div class=\"elementor-element elementor-element-320bfa6 e-con-full e-flex e-con e-parent\" data-id=\"320bfa6\" data-element_type=\"container\">\n\t\t\t\t<div class=\"elementor-element elementor-element-47fa79a elementor-widget__width-initial elementor-widget elementor-widget-image\" data-id=\"47fa79a\" data-element_type=\"widget\" data-widget_type=\"image.default\">\n\t\t\t\t<div class=\"elementor-widget-container\">\n\t\t\t\t\t\t\t\t\t\t<figure class=\"wp-caption\">\n\t\t\t\t\t\t\t\t\t\t<img decoding=\"async\" width=\"512\" height=\"239\" src=\"https:\/\/pgrengenharia.com.br\/wp-content\/uploads\/2023\/06\/cropped-cropped-LOGO_VETOR_PGR_ENGENHARIA.png\" class=\"attachment-large size-large wp-image-69\" alt=\"\" srcset=\"https:\/\/pgrengenharia.com.br\/wp-content\/uploads\/2023\/06\/cropped-cropped-LOGO_VETOR_PGR_ENGENHARIA.png 512w, https:\/\/pgrengenharia.com.br\/wp-content\/uploads\/2023\/06\/cropped-cropped-LOGO_VETOR_PGR_ENGENHARIA-300x140.png 300w\" sizes=\"(max-width: 512px) 100vw, 512px\" \/>\t\t\t\t\t\t\t\t\t\t\t<figcaption class=\"widget-image-caption wp-caption-text\">                                                                                   Sa\u00fade e Seguran\u00e7a do Trabalho  - Conhe\u00e7a nossos Servi\u00e7os nesta \u00e1rea<\/figcaption>\n\t\t\t\t\t\t\t\t\t\t<\/figure>\n\t\t\t\t\t\t\t<\/div>\n\t\t\t\t<\/div>\n\t\t\t\t<\/div>\n\t\t<div class=\"elementor-element elementor-element-bb84ef7 e-con-full e-flex e-con e-parent\" data-id=\"bb84ef7\" data-element_type=\"container\">\n\t\t\t\t<\/div>\n\t\t<div class=\"elementor-element elementor-element-db6c328 e-con-full e-flex e-con e-parent\" data-id=\"db6c328\" data-element_type=\"container\">\n\t\t\t\t<\/div>\n\t\t\t\t\t<\/div>\n\t\t\t\t<\/div>\n\t\t<div class=\"elementor-element elementor-element-6ccec53 e-flex e-con-boxed e-con e-parent\" data-id=\"6ccec53\" data-element_type=\"container\" data-settings=\"{&quot;background_background&quot;:&quot;classic&quot;}\">\n\t\t\t\t\t<div class=\"e-con-inner\">\n\t\t\t\t<div class=\"elementor-element elementor-element-c6b9287 elementor-view-stacked elementor-widget__width-auto elementor-fixed elementor-shape-circle elementor-widget elementor-widget-icon\" data-id=\"c6b9287\" data-element_type=\"widget\" data-settings=\"{&quot;_position&quot;:&quot;fixed&quot;}\" data-widget_type=\"icon.default\">\n\t\t\t\t<div class=\"elementor-widget-container\">\n\t\t\t\t\t<div class=\"elementor-icon-wrapper\">\n\t\t\t<a class=\"elementor-icon elementor-animation-grow\" href=\"https:\/\/api.whatsapp.com\/send?phone=5511992868101&#038;text=Ol%C3%A1%20estou%20interessado%20nos%20servi%C3%A7os%20da%20PGR%20Engenharia\" target=\"_blank\">\n\t\t\t<svg aria-hidden=\"true\" class=\"e-font-icon-svg e-fab-whatsapp\" viewBox=\"0 0 448 512\" xmlns=\"http:\/\/www.w3.org\/2000\/svg\"><path d=\"M380.9 97.1C339 55.1 283.2 32 223.9 32c-122.4 0-222 99.6-222 222 0 39.1 10.2 77.3 29.6 111L0 480l117.7-30.9c32.4 17.7 68.9 27 106.1 27h.1c122.3 0 224.1-99.6 224.1-222 0-59.3-25.2-115-67.1-157zm-157 341.6c-33.2 0-65.7-8.9-94-25.7l-6.7-4-69.8 18.3L72 359.2l-4.4-7c-18.5-29.4-28.2-63.3-28.2-98.2 0-101.7 82.8-184.5 184.6-184.5 49.3 0 95.6 19.2 130.4 54.1 34.8 34.9 56.2 81.2 56.1 130.5 0 101.8-84.9 184.6-186.6 184.6zm101.2-138.2c-5.5-2.8-32.8-16.2-37.9-18-5.1-1.9-8.8-2.8-12.5 2.8-3.7 5.6-14.3 18-17.6 21.8-3.2 3.7-6.5 4.2-12 1.4-32.6-16.3-54-29.1-75.5-66-5.7-9.8 5.7-9.1 16.3-30.3 1.8-3.7.9-6.9-.5-9.7-1.4-2.8-12.5-30.1-17.1-41.2-4.5-10.8-9.1-9.3-12.5-9.5-3.2-.2-6.9-.2-10.6-.2-3.7 0-9.7 1.4-14.8 6.9-5.1 5.6-19.4 19-19.4 46.3 0 27.3 19.9 53.7 22.6 57.4 2.8 3.7 39.1 59.7 94.8 83.8 35.2 15.2 49 16.5 66.6 13.9 10.7-1.6 32.8-13.4 37.4-26.4 4.6-13 4.6-24.1 3.2-26.4-1.3-2.5-5-3.9-10.5-6.6z\"><\/path><\/svg>\t\t\t<\/a>\n\t\t<\/div>\n\t\t\t\t<\/div>\n\t\t\t\t<\/div>\n\t\t\t\t\t<\/div>\n\t\t\t\t<\/div>\n\t\t<div class=\"elementor-element elementor-element-bfbeb45 e-flex e-con-boxed e-con e-parent\" data-id=\"bfbeb45\" data-element_type=\"container\">\n\t\t\t\t\t<div class=\"e-con-inner\">\n\t\t\t\t\t<\/div>\n\t\t\t\t<\/div>\n\t\t\t\t<\/div>\n\t\t","protected":false},"excerpt":{"rendered":"<p>&#8212;-Solu\u00e7\u00f5es contra inc\u00eandio &#8212;- Conhe\u00e7a nossos servi\u00e7os nesta \u00e1rea Sa\u00fade e Seguran\u00e7a do Trabalho &#8211; Conhe\u00e7a nossos Servi\u00e7os nesta \u00e1rea<\/p>\n","protected":false},"author":1,"featured_media":0,"parent":0,"menu_order":0,"comment_status":"closed","ping_status":"closed","template":"","meta":{"_uag_custom_page_level_css":"","site-sidebar-layout":"default","site-content-layout":"default","ast-global-header-display":"","ast-banner-title-visibility":"","ast-main-header-display":"","ast-hfb-above-header-display":"","ast-hfb-below-header-display":"","ast-hfb-mobile-header-display":"","site-post-title":"","ast-breadcrumbs-content":"","ast-featured-img":"","footer-sml-layout":"","theme-transparent-header-meta":"","adv-header-id-meta":"","stick-header-meta":"","header-above-stick-meta":"","header-main-stick-meta":"","header-below-stick-meta":"","footnotes":""},"class_list":["post-71","page","type-page","status-publish","hentry"],"uagb_featured_image_src":{"full":false,"thumbnail":false,"medium":false,"medium_large":false,"large":false,"1536x1536":false,"2048x2048":false},"uagb_author_info":{"display_name":"PGR","author_link":"https:\/\/pgrengenharia.com.br\/?author=1"},"uagb_comment_info":0,"uagb_excerpt":"&#8212;-Solu\u00e7\u00f5es contra inc\u00eandio &#8212;- Conhe\u00e7a nossos servi\u00e7os nesta \u00e1rea Sa\u00fade e Seguran\u00e7a do Trabalho &#8211; Conhe\u00e7a nossos Servi\u00e7os nesta \u00e1rea","_links":{"self":[{"href":"https:\/\/pgrengenharia.com.br\/index.php?rest_route=\/wp\/v2\/pages\/71","targetHints":{"allow":["GET"]}}],"collection":[{"href":"https:\/\/pgrengenharia.com.br\/index.php?rest_route=\/wp\/v2\/pages"}],"about":[{"href":"https:\/\/pgrengenharia.com.br\/index.php?rest_route=\/wp\/v2\/types\/page"}],"author":[{"embeddable":true,"href":"https:\/\/pgrengenharia.com.br\/index.php?rest_route=\/wp\/v2\/users\/1"}],"replies":[{"embeddable":true,"href":"https:\/\/pgrengenharia.com.br\/index.php?rest_route=%2Fwp%2Fv2%2Fcomments&post=71"}],"version-history":[{"count":22,"href":"https:\/\/pgrengenharia.com.br\/index.php?rest_route=\/wp\/v2\/pages\/71\/revisions"}],"predecessor-version":[{"id":123,"href":"https:\/\/pgrengenharia.com.br\/index.php?rest_route=\/wp\/v2\/pages\/71\/revisions\/123"}],"wp:attachment":[{"href":"https:\/\/pgrengenharia.com.br\/index.php?rest_route=%2Fwp%2Fv2%2Fmedia&parent=71"}],"curies":[{"name":"wp","href":"https:\/\/api.w.org\/{rel}","templated":true}]}}